{"id":326,"date":"2020-03-02T12:30:15","date_gmt":"2020-03-02T11:30:15","guid":{"rendered":"http:\/\/amibus.e-lios.eu\/?page_id=326"},"modified":"2025-01-20T16:14:39","modified_gmt":"2025-01-20T15:14:39","slug":"carta-della-mobilita-e-standard-di-qualita","status":"publish","type":"page","link":"https:\/\/www.amibus.it\/en\/servizi-erogati\/carta-della-mobilita-e-standard-di-qualita\/","title":{"rendered":"Carta della Mobilit\u00e0"},"content":{"rendered":"<p>L&#8217;unico filo conduttore della Provincia di Pesaro-Urbino<br \/>\nClicca sul file<\/p>\n<ul>\n<li><a href=\"\/wp-content\/uploads\/2020\/03\/2869_adriabuscartamobilit__servizio_extraurbano_rev_ottobre_2017.pdf\" target=\"_blank\" rel=\"noopener noreferrer\">Carta della Mobilit\u00e0 &#8211; Servizio Extraurbano<\/a><\/li>\n<li><a href=\"\/wp-content\/uploads\/2020\/03\/2870_adriabuscartamobilit__servizio_urbano_fano_rev_ottobre_2017.pdf\" target=\"_blank\" rel=\"noopener noreferrer\">Carta della Mobilit\u00e0 &#8211; Servizio Urbano Fano<\/a><\/li>\n<li><a href=\"\/wp-content\/uploads\/2020\/03\/2871_adriabuscartamobilit__servizio_urbano_fossombrone_rev_ottobre_2017.pdf\" target=\"_blank\" rel=\"noopener noreferrer\">Carta della Mobilit\u00e0 &#8211; Servizio Urbano Fossombrone<\/a><\/li>\n<li><a href=\"\/wp-content\/uploads\/2020\/03\/2872_adriabuscartamobilit__servizio_urbano_orciano_rev_ottobre_2017.pdf\" target=\"_blank\" rel=\"noopener noreferrer\">Carta della Mobilit\u00e0 &#8211; Servizio Urbano Orciano<\/a><\/li>\n<li><a href=\"\/wp-content\/uploads\/2020\/03\/2873_adriabuscartamobilit__servizio_urbano_pesaro_rev_ottobre_2017.pdf\" target=\"_blank\" rel=\"noopener noreferrer\">Carta della Mobilit\u00e0 &#8211; Servizio Urbano Pesaro<\/a><\/li>\n<li><a href=\"\/wp-content\/uploads\/2020\/03\/2874_adriabuscartamobilit__servizio_urbano_urbino_rev_ottobre_2017.pdf\" target=\"_blank\" rel=\"noopener noreferrer\">Carta della Mobilit\u00e0 &#8211; Servizio Urbano Urbino<\/a><\/li>\n<li><\/li>\n<\/ul>\n","protected":false},"excerpt":{"rendered":"<p>L&#8217;unico filo conduttore della Provincia di Pesaro-Urbino Clicca sul file Carta della Mobilit\u00e0 &#8211; Servizio Extraurbano Carta della Mobilit\u00e0 &#8211; Servizio Urbano Fano Carta della Mobilit\u00e0 &#8211; Servizio Urbano Fossombrone Carta della Mobilit\u00e0 &#8211; Servizio Urbano Orciano Carta della Mobilit\u00e0 &#8211; Servizio Urbano Pesaro Carta della Mobilit\u00e0 &#8211; Servizio Urbano Urbino [&#8230;]<\/p>\n<p><a class=\"btn btn-secondary understrap-read-more-link\" href=\"https:\/\/www.amibus.it\/en\/servizi-erogati\/carta-della-mobilita-e-standard-di-qualita\/\">Read More&#8230;<\/a><\/p>\n","protected":false},"author":1,"featured_media":0,"parent":324,"menu_order":0,"comment_status":"closed","ping_status":"closed","template":"","meta":{"_acf_changed":false,"footnotes":""},"class_list":["post-326","page","type-page","status-publish","hentry"],"translation":{"provider":"WPGlobus","version":"3.0.2","language":"en","enabled_languages":["it","en"],"languages":{"it":{"title":true,"content":true,"excerpt":false},"en":{"title":false,"content":false,"excerpt":false}}},"acf":[],"_links":{"self":[{"href":"https:\/\/www.amibus.it\/en\/wp-json\/wp\/v2\/pages\/326","targetHints":{"allow":["GET"]}}],"collection":[{"href":"https:\/\/www.amibus.it\/en\/wp-json\/wp\/v2\/pages"}],"about":[{"href":"https:\/\/www.amibus.it\/en\/wp-json\/wp\/v2\/types\/page"}],"author":[{"embeddable":true,"href":"https:\/\/www.amibus.it\/en\/wp-json\/wp\/v2\/users\/1"}],"replies":[{"embeddable":true,"href":"https:\/\/www.amibus.it\/en\/wp-json\/wp\/v2\/comments?post=326"}],"version-history":[{"count":26,"href":"https:\/\/www.amibus.it\/en\/wp-json\/wp\/v2\/pages\/326\/revisions"}],"predecessor-version":[{"id":2191,"href":"https:\/\/www.amibus.it\/en\/wp-json\/wp\/v2\/pages\/326\/revisions\/2191"}],"up":[{"embeddable":true,"href":"https:\/\/www.amibus.it\/en\/wp-json\/wp\/v2\/pages\/324"}],"wp:attachment":[{"href":"https:\/\/www.amibus.it\/en\/wp-json\/wp\/v2\/media?parent=326"}],"curies":[{"name":"wp","href":"https:\/\/api.w.org\/{rel}","templated":true}]}}