{"id":345,"date":"2020-03-02T13:19:25","date_gmt":"2020-03-02T12:19:25","guid":{"rendered":"http:\/\/amibus.e-lios.eu\/?page_id=345"},"modified":"2026-03-30T11:25:31","modified_gmt":"2026-03-30T09:25:31","slug":"informazioni-ambientali","status":"publish","type":"page","link":"https:\/\/www.amibus.it\/en\/informazioni-ambientali\/","title":{"rendered":"Certificazioni"},"content":{"rendered":"<h3>Certificazioni<\/h3>\n<p>I sistemi di gestione e le loro certificazioni sono strumenti che supportano l\u2019organizzazione nella gestione efficace dei processi aziendali, nel loro costante monitoraggio, miglioramento continuo nella loro compliance ai vincoli normativi ed ai livelli di qualit\u00e0 stabiliti.<\/p>\n<p>Il campo di applicazione delle certificazioni che AMI S.p.A. ha conseguito \u00e8<\/p>\n<p>\u201cPROGETTAZIONE ED EROGAZIONE DI SERVIZI DI TRASPORTO PUBBLICO LOCALE DI LINEA &#8211; EROGAZIONE DEL SERVIZIO DI NOLEGGIO AUTOBUS CON CONDUCENTE\u201d<\/p>\n<p>Pertanto, ha deciso di adottare, come strumento per il conseguimento degli obiettivi, i seguenti sistemi di gestione certificati secondo le relative norme:<\/p>\n<div>\n<table class=\"aligncenter\" style=\"width: 97.2253%; border-collapse: collapse; height: 931px;\" cellpadding=\"10\">\n<tbody>\n<tr>\n<td>Mediante il sistema di gestione per la qualit\u00e0 AMI S.p.A. monitora gli impatti pi\u00f9 significativi dell\u2019organizzazione al fine di migliorare l\u2019efficacia e l\u2019efficienza del servizio offerto.<\/p>\n<p><img loading=\"lazy\" decoding=\"async\" class=\"alignnone wp-image-1925\" src=\"https:\/\/www.amibus.it\/wp-content\/uploads\/2024\/04\/ISO-9001_col-300x244.jpg\" alt=\"\" width=\"165\" height=\"135\" srcset=\"https:\/\/www.amibus.it\/wp-content\/uploads\/2024\/04\/ISO-9001_col-300x244.jpg 300w, https:\/\/www.amibus.it\/wp-content\/uploads\/2024\/04\/ISO-9001_col-1024x832.jpg 1024w, https:\/\/www.amibus.it\/wp-content\/uploads\/2024\/04\/ISO-9001_col-768x624.jpg 768w, https:\/\/www.amibus.it\/wp-content\/uploads\/2024\/04\/ISO-9001_col-1536x1248.jpg 1536w, https:\/\/www.amibus.it\/wp-content\/uploads\/2024\/04\/ISO-9001_col.jpg 1701w\" sizes=\"auto, (max-width: 165px) 100vw, 165px\" \/><\/p>\n<p><a href=\"https:\/\/www.amibus.it\/wp-content\/uploads\/2024\/09\/certificate-signed.pdf\">UNI EN ISO 9001 per la gestione della qualit\u00e0<\/a><\/td>\n<td>Mediante il sistema di gestione ambientale, AMI S.p.A. gestisce gli aspetti ambientali, soddisfa gli obblighi di conformit\u00e0 legislativa e affronta e valuta i rischi e le opportunit\u00e0.<\/p>\n<p><img loading=\"lazy\" decoding=\"async\" class=\"alignnone wp-image-1924\" src=\"https:\/\/www.amibus.it\/wp-content\/uploads\/2024\/04\/ISO-14001_col-300x244.jpg\" alt=\"\" width=\"169\" height=\"138\" srcset=\"https:\/\/www.amibus.it\/wp-content\/uploads\/2024\/04\/ISO-14001_col-300x244.jpg 300w, https:\/\/www.amibus.it\/wp-content\/uploads\/2024\/04\/ISO-14001_col-1024x832.jpg 1024w, https:\/\/www.amibus.it\/wp-content\/uploads\/2024\/04\/ISO-14001_col-768x624.jpg 768w, https:\/\/www.amibus.it\/wp-content\/uploads\/2024\/04\/ISO-14001_col-1536x1248.jpg 1536w, https:\/\/www.amibus.it\/wp-content\/uploads\/2024\/04\/ISO-14001_col.jpg 1701w\" sizes=\"auto, (max-width: 169px) 100vw, 169px\" \/><\/p>\n<p><a href=\"https:\/\/www.amibus.it\/wp-content\/uploads\/2026\/03\/certificate-signed-7.pdf\">UNI EN ISO 14001 per la gestione ambientale<\/a><\/td>\n<\/tr>\n<tr>\n<td>AMI mantiene sempre attivo l\u2019impegno per una gestione aziendale nel rispetto di tutti i requisiti di responsabilit\u00e0 sociale previsti dallo standard SA8000 e dalle leggi vigenti ed applicabili al proprio settore di attivit\u00e0 e alla propria realt\u00e0 operativa.<img loading=\"lazy\" decoding=\"async\" class=\"wp-image-1646 aligncenter\" src=\"https:\/\/www.amibus.it\/wp-content\/uploads\/2023\/05\/Senza-titolo-300x243.jpg\" alt=\"\" width=\"178\" height=\"144\" srcset=\"https:\/\/www.amibus.it\/wp-content\/uploads\/2023\/05\/Senza-titolo-300x243.jpg 300w, https:\/\/www.amibus.it\/wp-content\/uploads\/2023\/05\/Senza-titolo.jpg 452w\" sizes=\"auto, (max-width: 178px) 100vw, 178px\" \/><a href=\"https:\/\/www.amibus.it\/wp-content\/uploads\/2025\/03\/certificate-signed-477.pdf\">Social Accountability 8000 per la responsabilit\u00e0 sociale d&#8217;azienda<\/a><\/td>\n<td>Ad integrazione del MOGC <em>ex <\/em>D.Lgs. n. 231\/2001, il sistema di gestione aziendale conforme alla norma UNI ISO 37001:2016, consente l\u2019implementazione di misure efficaci per prevenire ed affrontare fenomeni di corruzione.<\/p>\n<p><img loading=\"lazy\" decoding=\"async\" class=\"wp-image-2260 aligncenter\" src=\"https:\/\/www.amibus.it\/wp-content\/uploads\/2025\/04\/ISO-37001-PNG-300x250.png\" alt=\"\" width=\"177\" height=\"147\" srcset=\"https:\/\/www.amibus.it\/wp-content\/uploads\/2025\/04\/ISO-37001-PNG-300x250.png 300w, https:\/\/www.amibus.it\/wp-content\/uploads\/2025\/04\/ISO-37001-PNG-1024x853.png 1024w, https:\/\/www.amibus.it\/wp-content\/uploads\/2025\/04\/ISO-37001-PNG-768x640.png 768w, https:\/\/www.amibus.it\/wp-content\/uploads\/2025\/04\/ISO-37001-PNG-1536x1280.png 1536w, https:\/\/www.amibus.it\/wp-content\/uploads\/2025\/04\/ISO-37001-PNG-2048x1707.png 2048w\" sizes=\"auto, (max-width: 177px) 100vw, 177px\" \/><\/p>\n<p><a href=\"https:\/\/www.amibus.it\/wp-content\/uploads\/2023\/05\/2448_23_AB-AMI-S.P.A.pdf\">UNI EN ISO 37001 per la prevenzione della corruzione<\/a><\/td>\n<\/tr>\n<tr>\n<td>AMI si impegna nel sostegno dei valori di<i> diversity, equity and inclusion<\/i> attraverso l\u2019adozione di un sistema di gestionale aziendale che garantisce la parit\u00e0 di genere, ai sensi della UNI PdR 125:2022.<\/p>\n<p style=\"font-weight: 400;\"><img loading=\"lazy\" decoding=\"async\" class=\"wp-image-1754 aligncenter\" src=\"https:\/\/www.amibus.it\/wp-content\/uploads\/2023\/11\/BV_Certification_UNI-PDR-125_tracciati-01-300x154.png\" alt=\"\" width=\"258\" height=\"133\" srcset=\"https:\/\/www.amibus.it\/wp-content\/uploads\/2023\/11\/BV_Certification_UNI-PDR-125_tracciati-01-300x154.png 300w, https:\/\/www.amibus.it\/wp-content\/uploads\/2023\/11\/BV_Certification_UNI-PDR-125_tracciati-01.png 441w\" sizes=\"auto, (max-width: 258px) 100vw, 258px\" \/><\/p>\n<p><a href=\"https:\/\/www.amibus.it\/wp-content\/uploads\/2023\/11\/20231018-_-AMI-SPA-AZIENDA-PER-LA-MOBILITA-INTEGRATA-E-TRASPORTI.pdf\">UNI PdR 125:2022 per la parit\u00e0 di genere<\/a><\/td>\n<td>AMI traduce il suo impegno nel migliorare i livelli di salute e sicurezza e prevenire e minimizzare i rischi ed i pericoli a cui possono essere esposti tutti i lavoratori, con la certificazione del sistema di gestione per la salute e la sicurezza sul lavoro ai sensi della norma UNI EN ISO 45001 per la salute e sicurezza sul lavoro.<\/p>\n<p><img loading=\"lazy\" decoding=\"async\" class=\"wp-image-1829 aligncenter\" src=\"https:\/\/www.amibus.it\/wp-content\/uploads\/2024\/01\/ISO-45001_col-300x244.jpg\" alt=\"\" width=\"181\" height=\"147\" srcset=\"https:\/\/www.amibus.it\/wp-content\/uploads\/2024\/01\/ISO-45001_col-300x244.jpg 300w, https:\/\/www.amibus.it\/wp-content\/uploads\/2024\/01\/ISO-45001_col-1024x832.jpg 1024w, https:\/\/www.amibus.it\/wp-content\/uploads\/2024\/01\/ISO-45001_col-768x624.jpg 768w, https:\/\/www.amibus.it\/wp-content\/uploads\/2024\/01\/ISO-45001_col-1536x1248.jpg 1536w, https:\/\/www.amibus.it\/wp-content\/uploads\/2024\/01\/ISO-45001_col.jpg 1701w\" sizes=\"auto, (max-width: 181px) 100vw, 181px\" \/><a style=\"font-family: inherit; font-size: inherit;\" href=\"https:\/\/www.amibus.it\/wp-content\/uploads\/2024\/01\/certificate-signed-1.pdf\">UNI EN ISO 45001 per la salute e sicurezza del lavoro<\/a><\/td>\n<\/tr>\n<\/tbody>\n<\/table>\n<table style=\"border-collapse: collapse; width: 97.657615%; height: 931px;\">\n<tbody>\n<tr style=\"height: 24px;\">\n<td style=\"width: 45.2395%; height: 62px;\">\n<p style=\"text-align: left;\">AMI adotta un sistema di gestione dell\u2019energia certificato ai sensi della norma UNI EN ISO 50001:2018, per migliorare le prestazioni energetiche e razionalizzare il consumo di energia riducendo l&#8217;impatto ambientale, comprese le emissioni di gas serra.<\/p>\n<p style=\"text-align: center;\"><img loading=\"lazy\" decoding=\"async\" class=\"alignnone wp-image-1916\" style=\"font-family: inherit; font-size: inherit;\" src=\"https:\/\/www.amibus.it\/wp-content\/uploads\/2024\/03\/ISO-50001_col-300x244.jpg\" alt=\"\" width=\"176\" height=\"143\" srcset=\"https:\/\/www.amibus.it\/wp-content\/uploads\/2024\/03\/ISO-50001_col-300x244.jpg 300w, https:\/\/www.amibus.it\/wp-content\/uploads\/2024\/03\/ISO-50001_col-1024x832.jpg 1024w, https:\/\/www.amibus.it\/wp-content\/uploads\/2024\/03\/ISO-50001_col-768x624.jpg 768w, https:\/\/www.amibus.it\/wp-content\/uploads\/2024\/03\/ISO-50001_col-1536x1248.jpg 1536w, https:\/\/www.amibus.it\/wp-content\/uploads\/2024\/03\/ISO-50001_col.jpg 1701w\" sizes=\"auto, (max-width: 176px) 100vw, 176px\" \/><\/p>\n<p style=\"text-align: left;\"><a href=\"https:\/\/www.amibus.it\/wp-content\/uploads\/2025\/03\/certificate-signed-4.pdf\">UNI EN ISO 50001 per la gestione dell&#8217;energia<\/a><\/p>\n<p><b><a href=\"https:\/\/www.amibus.it\/wp-content\/uploads\/2024\/09\/articolo-AMI.pdf\"><img loading=\"lazy\" decoding=\"async\" class=\"alignnone wp-image-737\" src=\"https:\/\/www.amibus.it\/wp-content\/uploads\/2021\/02\/DAA68086-B0B1-4351-B722-16C7E8B3A23E-e1612199906184.png\" alt=\"\" width=\"45\" height=\"55\" \/><\/a> Best practice<\/b>: SGE nel trasporto pubblico locale \u2013 pubblicazione su \u201cLa rivista FIRE\u201d di Ing. Serio Ruggiero<\/td>\n<td style=\"width: 84.2981%; height: 62px;\">L\u2019impegno di AMI nel promuovere standard elevati nella sicurezza del trasporto pubblico locale si attua tramite il sistema di gestione\u00a0 per la sicurezza stradale, certificato ai sensi della norma UNI ISO 39001.<\/p>\n<p><img loading=\"lazy\" decoding=\"async\" class=\"wp-image-2166 aligncenter\" src=\"https:\/\/www.amibus.it\/wp-content\/uploads\/2024\/12\/ISO-39001_col-300x244.jpg\" alt=\"\" width=\"144\" height=\"117\" srcset=\"https:\/\/www.amibus.it\/wp-content\/uploads\/2024\/12\/ISO-39001_col-300x244.jpg 300w, https:\/\/www.amibus.it\/wp-content\/uploads\/2024\/12\/ISO-39001_col-1024x832.jpg 1024w, https:\/\/www.amibus.it\/wp-content\/uploads\/2024\/12\/ISO-39001_col-768x624.jpg 768w, https:\/\/www.amibus.it\/wp-content\/uploads\/2024\/12\/ISO-39001_col-1536x1248.jpg 1536w, https:\/\/www.amibus.it\/wp-content\/uploads\/2024\/12\/ISO-39001_col.jpg 1701w\" sizes=\"auto, (max-width: 144px) 100vw, 144px\" \/><\/p>\n<p><a href=\"https:\/\/www.amibus.it\/wp-content\/uploads\/2024\/12\/certificate-signed-3.pdf\">UNI ISO 39001 per la sicurezza del traffico stradale<\/a><\/td>\n<\/tr>\n<tr style=\"height: 24px;\">\n<td style=\"width: 45.2395%; height: 24px;\">UNI EN ISO 14064-1 Gas ad effetto serra &#8211; Parte 1: Specifiche e guida, al livello dell&#8217;organizzazione, per la quantificazione e la rendicontazione delle emissioni di gas ad effetto serra e della loro rimozione.<\/p>\n<p>Il cambiamento climatico derivante dalle attivit\u00e0 antropogeniche \u00e8 stato identificato come una delle maggiori sfide mondiali. Esso ha implicazioni sia per l\u2019essere umano che per i sistemi naturali e pu\u00f2 generare impatti significativi sulla disponibilit\u00e0 delle risorse. Come risposta, AMI spa ha quantificato le emissioni di GHG ottenendo opinione di verifica con esito positivo, ai sensi della norma UNI EN ISO 14064-1.<\/p>\n<p><a href=\"https:\/\/www.amibus.it\/wp-content\/uploads\/2025\/07\/ENV_GHG-INV-OPI_VER_it-en_05-2025_signed.pdf\">UNI EN ISO 14064-1 Gas ad effetto serra <\/a><\/td>\n<td style=\"width: 84.2981%; height: 24px;\"><\/td>\n<\/tr>\n<\/tbody>\n<\/table>\n<p><img loading=\"lazy\" decoding=\"async\" class=\" wp-image-1859 aligncenter\" src=\"https:\/\/www.amibus.it\/wp-content\/uploads\/2024\/02\/Unknown.jpeg\" alt=\"\" width=\"156\" height=\"65\" \/><\/p>\n<p style=\"font-weight: 400;\">Il 30\/01\/2024\u00a0l\u2019Autorit\u00e0 Garante della Concorrenza e del Mercato ha attribuito ad Ami spa il Rating di Legalit\u00e0 con punteggio massimo, pari a tre stelle. Il 20\/01\/2026 AGICOM ha confermato per ulteriori due anni il Rating con punteggio massimo.<\/p>\n<p style=\"font-weight: 400;\">Si tratta di un indicatore sintetico del rispetto di elevati standard di legalit\u00e0 e del grado di attenzione posto dalle aziende nella corretta gestione del proprio business, e consente l\u2019acquisizione di vantaggi sia sul piano reputazionale e competitivo, sia sul piano economico.<\/p>\n<\/div>\n","protected":false},"excerpt":{"rendered":"<p>Certificazioni I sistemi di gestione e le loro certificazioni sono strumenti che supportano l\u2019organizzazione nella gestione efficace dei processi aziendali, nel loro costante monitoraggio, miglioramento continuo nella loro compliance ai vincoli normativi ed ai livelli di qualit\u00e0 stabiliti. Il campo di applicazione delle certificazioni che AMI S.p.A. ha conseguito \u00e8 \u201cPROGETTAZIONE ED EROGAZIONE DI SERVIZI [&#8230;]<\/p>\n<p><a class=\"btn btn-secondary understrap-read-more-link\" href=\"https:\/\/www.amibus.it\/en\/informazioni-ambientali\/\">Read More&#8230;<\/a><\/p>\n","protected":false},"author":1,"featured_media":0,"parent":0,"menu_order":0,"comment_status":"closed","ping_status":"closed","template":"page-templates\/fullwidthpage.php","meta":{"_acf_changed":false,"footnotes":""},"class_list":["post-345","page","type-page","status-publish","hentry"],"translation":{"provider":"WPGlobus","version":"3.0.2","language":"en","enabled_languages":["it","en"],"languages":{"it":{"title":true,"content":true,"excerpt":false},"en":{"title":false,"content":false,"excerpt":false}}},"acf":[],"_links":{"self":[{"href":"https:\/\/www.amibus.it\/en\/wp-json\/wp\/v2\/pages\/345","targetHints":{"allow":["GET"]}}],"collection":[{"href":"https:\/\/www.amibus.it\/en\/wp-json\/wp\/v2\/pages"}],"about":[{"href":"https:\/\/www.amibus.it\/en\/wp-json\/wp\/v2\/types\/page"}],"author":[{"embeddable":true,"href":"https:\/\/www.amibus.it\/en\/wp-json\/wp\/v2\/users\/1"}],"replies":[{"embeddable":true,"href":"https:\/\/www.amibus.it\/en\/wp-json\/wp\/v2\/comments?post=345"}],"version-history":[{"count":51,"href":"https:\/\/www.amibus.it\/en\/wp-json\/wp\/v2\/pages\/345\/revisions"}],"predecessor-version":[{"id":2451,"href":"https:\/\/www.amibus.it\/en\/wp-json\/wp\/v2\/pages\/345\/revisions\/2451"}],"wp:attachment":[{"href":"https:\/\/www.amibus.it\/en\/wp-json\/wp\/v2\/media?parent=345"}],"curies":[{"name":"wp","href":"https:\/\/api.w.org\/{rel}","templated":true}]}}