{"id":352,"date":"2020-03-02T13:24:06","date_gmt":"2020-03-02T12:24:06","guid":{"rendered":"http:\/\/amibus.e-lios.eu\/?page_id=352"},"modified":"2025-06-27T09:52:08","modified_gmt":"2025-06-27T07:52:08","slug":"accesso-generalizzato-art-5-comma-2","status":"publish","type":"page","link":"https:\/\/www.amibus.it\/en\/accesso-generalizzato-art-5-comma-2\/","title":{"rendered":"Accesso generalizzato (art.5 comma 2 D.lgd 33\/2013)"},"content":{"rendered":"<p><strong>Chi pu\u00f2 presentare richiesta di accesso generalizzato ai sensi dell\u2019art. 5, comma 2 del d.lgs. n. 33\/2013?<\/strong><br \/>\nL\u2019accesso generalizzato pu\u00f2 essere presentato da chiunque. Infatti, non occorre possedere, n\u00e9 dimostrare, una specifica legittimazione soggettiva.<\/p>\n<p><strong>\u00c8 necessario motivare la richiesta di accesso generalizzato?\u00a0<\/strong><br \/>\nPer presentare la richiesta di accesso generalizzato non \u00e8 necessario fornire una motivazione.<\/p>\n<p><strong>Che cosa si pu\u00f2 richiedere con l\u2019accesso generalizzato?\u00a0<\/strong><br \/>\nCon la richiesta di accesso generalizzato possono essere richiesti i documenti, dati e informazioni custoditi dall&#8217;azienda e non soggetti agli obblighi di pubblicazione.<\/p>\n<p>Ci\u00f2 significa:<\/p>\n<ul>\n<li>che l\u2019amministrazione non \u00e8 tenuta a raccogliere informazioni che non sono in suo possesso per rispondere ad una richiesta di accesso generalizzato, ma deve limitarsi a rispondere sulla base dei documenti e delle informazioni che sono gi\u00e0 in suo possesso;<\/li>\n<li>che l\u2019amministrazione non \u00e8 tenuta a rielaborare informazioni in suo possesso, per rispondere ad una richiesta di accesso generalizzato: deve consentire l\u2019accesso ai documenti, ai dati edalle informazioni cos\u00ec come sono gi\u00e0 detenuti, organizzati, gestiti e fruiti;<\/li>\n<li>che sono ammissibili, invece, le operazioni di elaborazione che consistono nell\u2019oscuramento dei dati personali presenti nel documento o nell\u2019informazione richiesta, e pi\u00f9 in generale nella loro anonimizzazione, qualora ci\u00f2 sia funzionale a rendere possibile l\u2019accesso.<\/li>\n<\/ul>\n<p>La richiesta di accesso generalizzato non pu\u00f2 essere generica ma deve identificare i documenti e i dati richiesti.<\/p>\n<p>Ci\u00f2 significa:<\/p>\n<ul>\n<li>che la richiesta indica i documenti o i dati richiesti, ovvero<\/li>\n<li>che la richiesta consente all\u2019amministrazione di identificare agevolmente i documenti o i dati richiesti.<\/li>\n<\/ul>\n<p>Devono essere ritenute inammissibili le richieste formulate in modo cos\u00ec vago da non permettere all\u2019amministrazione di identificare i documenti o le informazioni richieste, n\u00e9 le richieste meramente esplorative volte ad indagare di quali informazioni la societ\u00e0 disponga.<\/p>\n<p>In questi casi, l\u2019amministrazione destinataria della domanda dovrebbe chiedere di precisare l\u2019oggetto della richiesta.<\/p>\n<p><strong>Richieste massive. L\u2019amministrazione \u00e8 tenuta a consentire l\u2019accesso generalizzato anche quando riguarda un numero cospicuo di documenti ed informazioni?\u00a0<\/strong><br \/>\nAmi S.p.A. \u00e8 tenuta a consentire l\u2019accesso generalizzato anche quando riguarda un numero cospicuo di documenti ed informazioni, a meno che la richiesta risulti manifestamente irragionevole, tale cio\u00e8 da comportare un carico di lavoro in grado di interferire con il buon funzionamento della societ\u00e0.<\/p>\n<p><strong>A quale ufficio va presentata la richiesta di accesso generalizzato?<\/strong><br \/>\nLa richiesta di accesso generalizzato pu\u00f2 essere presentata al responsabile del procedimento identificato in:<\/p>\n<p>Dott.ssa Giovanna Pugliese<br \/>\nAmi S.p.A.<br \/>\nP.le E. Gonzaga, 15 &#8211; 61029 Urbino<br \/>\nC.F. e P.IVA 01482560412<br \/>\nT. 0722 376711 | F. 0722 376748<br \/>\nEmail accesso.civico@amibus.it, Pec info@amispa.postecert.it<\/p>\n<p><strong>Come si fa a presentare l\u2019istanza di accesso generalizzato?<\/strong><br \/>\nAi sensi del comma 3 dell\u2019art. 5 del d. lgs. n. 33\/2013, l\u2019istanza pu\u00f2 essere trasmessa per via telematica secondo le modalit\u00e0 previste dal decreto legislativo 7 marzo 2005, n. 82 recante il \u00abCodice dell\u2019amministrazione digitale\u00bb ma pu\u00f2 essere presentata anche a mezzo posta, \u00a0o direttamente c\/o Ami S.p.A. Piazza E. Gonzaga, 15 \u2013 61029 Urbino &#8211; e che laddove la richiesta di accesso generalizzato non sia sottoscritta dall\u2019interessato in presenza del dipendente addetto, la stessa deve essere sottoscritta e presentata unitamente a copia fotostatica non autenticata di un documento di identit\u00e0 del richiedente in corso di validit\u00e0.<\/p>\n<p><strong>Bisogna pagare per poter effettuare l\u2019accesso generalizzato?<\/strong><br \/>\nIl rilascio di dati o documenti in formato elettronico, in risposta alla richiesta di accesso generalizzato, \u00e8 gratuito.<br \/>\nAmi S.p.A. potr\u00e0 richiedere il rimborso dei soli costi effettivamente sostenuti e documentati per la riproduzione su supporti materiali.<\/p>\n<p><strong>Ami S.p.A. \u00e8 obbligata a darne comunicazione a eventuali soggetti controinteressati?<\/strong><br \/>\nLaddove la richiesta di accesso generalizzato possa incidere su interessi connessi alla protezione dei dati\u00a0personali, o alla libert\u00e0 e segretezza della corrispondenza oppure agli interessi economici e commerciali (ivi compresi la propriet\u00e0 intellettuale, il diritto d\u2019autore e i segreti commerciali), Ami S.p.A deve darne comunicazione ai soggetti titolari di tali interessi, mediante invio di copia con raccomandata con avviso di ricevimento o tramite PEC.<br \/>\nIl soggetto controinteressato pu\u00f2 presentare (anche per via telematica) una eventuale e motivata opposizione all\u2019istanza di accesso generalizzato, entro dieci giorni dalla ricezione della comunicazione della richiesta di accesso generalizzato.<\/p>\n<p><strong>Quanto tempo ha l\u2019Ami S.p.A. per rispondere alle richieste di accesso generalizzato?<\/strong><br \/>\nIl procedimento di accesso generalizzato deve concludersi con provvedimento espresso e motivato<br \/>\nnel termine di trenta giorni dalla presentazione dell\u2019istanza, con la comunicazione dell\u2019esito al richiedente e agli eventuali controinteressati. Tali termini sono sospesi (fino ad un massimo di dieci giorni) nel caso di comunicazione della richiesta al controinteressato.<\/p>\n<p><strong>Cosa succede all\u2019atto dell\u2019Accoglimento della richiesta di accesso generalizzato?<\/strong><br \/>\nIn caso di accoglimento, l\u2019AMI S.p.A. provvede a trasmettere tempestivamente al richiedente i dati o i documenti richiesti.<br \/>\nNel caso in cui l\u2019accesso sia consentito nonostante l\u2019opposizione del controinteressato, i dati o i documenti richiesti possono essere trasmessi al richiedente non prima di quindici giorni dalla ricezione della stessa comunicazione da parte del controinteressato.<\/p>\n<p><strong>Il provvedimento di rifiuto contiene la motivazione?<\/strong><br \/>\nIl provvedimento di rifiuto adottato in applicazione dei limiti di cui all\u2019art. 5 bis, commi 1 e 2<br \/>\ndeve contenere una adeguata motivazione che d\u00e0 conto della sussistenza degli elementi che integrano l\u2019esistenza del pregiudizio concreto.<\/p>\n<p><strong>Come pu\u00f2 tutelarsi il richiedente in caso di rifiuto o di mancata risposta da parte dell\u2019amministrazione?\u00a0<\/strong><br \/>\nIn caso di diniego totale o parziale dell\u2019accesso o di mancata risposta entro il termine indicato dal comma 6 del d. lgs. n. 33\/2013, il richiedente pu\u00f2 presentare richiesta di riesame al titolare del potere sostitutivo.<\/p>\n<p>Direttore Generale Ami S.p.A.<br \/>\nIng. Massimo Benedetti<\/p>\n<p>che decide con provvedimento motivato, entro il termine di venti giorni.<\/p>\n<p>Scarica Facsimile richiesta accesso e richiesta di riesame:<\/p>\n<p><a href=\"https:\/\/www.amibus.it\/wp-content\/uploads\/2025\/01\/Modulo_accesso_civico_generalizzato.rtf\">Richiesta Accesso Generalizzato<\/a><\/p>\n<p><a href=\"\/wp-content\/uploads\/2020\/03\/ISTANZA_DI_RIESAME_ami.pdf\">Richiesta Riesame<\/a><\/p>\n<p>Si rappresenta che l&#8217;uso di un formato o modulo diverso da quello reso disponibile on-line come facsimile non pu\u00f2 comportare l&#8217;inammissibilit\u00e0 o il rifiuto della richiesta.<\/p>\n<p><a href=\"https:\/\/www.amibus.it\/wp-content\/uploads\/2025\/06\/generalizzazto0525.pdf\">Registro Accesso Generalizzato al 31 maggio 2025<\/a><\/p>\n","protected":false},"excerpt":{"rendered":"<p>Chi pu\u00f2 presentare richiesta di accesso generalizzato ai sensi dell\u2019art. 5, comma 2 del d.lgs. n. 33\/2013? L\u2019accesso generalizzato pu\u00f2 essere presentato da chiunque. Infatti, non occorre possedere, n\u00e9 dimostrare, una specifica legittimazione soggettiva. \u00c8 necessario motivare la richiesta di accesso generalizzato?\u00a0 Per presentare la richiesta di accesso generalizzato non \u00e8 necessario fornire una motivazione. [&#8230;]<\/p>\n<p><a class=\"btn btn-secondary understrap-read-more-link\" href=\"https:\/\/www.amibus.it\/en\/accesso-generalizzato-art-5-comma-2\/\">Read More&#8230;<\/a><\/p>\n","protected":false},"author":1,"featured_media":0,"parent":0,"menu_order":0,"comment_status":"closed","ping_status":"closed","template":"","meta":{"_acf_changed":false,"footnotes":""},"class_list":["post-352","page","type-page","status-publish","hentry"],"translation":{"provider":"WPGlobus","version":"3.0.2","language":"en","enabled_languages":["it","en"],"languages":{"it":{"title":true,"content":true,"excerpt":false},"en":{"title":false,"content":false,"excerpt":false}}},"acf":[],"_links":{"self":[{"href":"https:\/\/www.amibus.it\/en\/wp-json\/wp\/v2\/pages\/352","targetHints":{"allow":["GET"]}}],"collection":[{"href":"https:\/\/www.amibus.it\/en\/wp-json\/wp\/v2\/pages"}],"about":[{"href":"https:\/\/www.amibus.it\/en\/wp-json\/wp\/v2\/types\/page"}],"author":[{"embeddable":true,"href":"https:\/\/www.amibus.it\/en\/wp-json\/wp\/v2\/users\/1"}],"replies":[{"embeddable":true,"href":"https:\/\/www.amibus.it\/en\/wp-json\/wp\/v2\/comments?post=352"}],"version-history":[{"count":11,"href":"https:\/\/www.amibus.it\/en\/wp-json\/wp\/v2\/pages\/352\/revisions"}],"predecessor-version":[{"id":2329,"href":"https:\/\/www.amibus.it\/en\/wp-json\/wp\/v2\/pages\/352\/revisions\/2329"}],"wp:attachment":[{"href":"https:\/\/www.amibus.it\/en\/wp-json\/wp\/v2\/media?parent=352"}],"curies":[{"name":"wp","href":"https:\/\/api.w.org\/{rel}","templated":true}]}}